{"id":298,"date":"2025-03-12T13:17:34","date_gmt":"2025-03-12T13:17:34","guid":{"rendered":"https:\/\/pwrd.agency\/?page_id=298"},"modified":"2026-04-01T14:53:51","modified_gmt":"2026-04-01T14:53:51","slug":"over","status":"publish","type":"page","link":"https:\/\/pwrd.agency\/en\/over\/","title":{"rendered":"About"},"content":{"rendered":"\t\t<div data-elementor-type=\"wp-page\" data-elementor-id=\"298\" class=\"elementor elementor-298\" data-elementor-post-type=\"page\">\n\t\t\t\t<div class=\"elementor-element elementor-element-3920d9b e-con-full e-flex e-con e-parent\" data-id=\"3920d9b\" data-element_type=\"container\" data-e-type=\"container\" data-bg=\"light\">\n\t\t<div class=\"elementor-element elementor-element-480cae1 e-con-full e-flex e-con e-child\" data-id=\"480cae1\" data-element_type=\"container\" data-e-type=\"container\" data-settings=\"{&quot;background_background&quot;:&quot;classic&quot;}\">\n\t\t<div class=\"elementor-element elementor-element-01544b0 e-con-full e-flex e-con e-child\" data-id=\"01544b0\" data-element_type=\"container\" data-e-type=\"container\" data-settings=\"{&quot;background_background&quot;:&quot;classic&quot;}\">\n\t\t\t\t<div class=\"elementor-element elementor-element-8a32fe5 elementor-widget elementor-widget-html\" data-id=\"8a32fe5\" data-element_type=\"widget\" data-e-type=\"widget\" data-widget_type=\"html.default\">\n\t\t\t\t<div class=\"elementor-widget-container\">\n\t\t\t\t\t<section class=\"team-section\">\n  <div class=\"team-carousel\" id=\"teamCarousel\">\n    <div class=\"team-carousel__viewport\" id=\"teamViewport\">\n      <div class=\"team-carousel__track\" id=\"teamTrack\">\n        <article class=\"team-slide\" data-reveal-start=\"1.02\" data-reveal-end=\"0.68\" data-hidden-top=\"100\">\n          <div class=\"team-slide__media\">\n            <img decoding=\"async\" src=\"https:\/\/pwrd.agency\/wp-content\/uploads\/2025\/12\/Kantoor-PWRD-Eindhoven-scaled.webp\" alt=\"\">\n          <\/div>\n        <\/article>\n\n        <article class=\"team-slide\" data-reveal-start=\"0.98\" data-reveal-end=\"0.66\" data-hidden-top=\"100\">\n          <div class=\"team-slide__media\">\n            <img decoding=\"async\" src=\"https:\/\/pwrd.agency\/wp-content\/uploads\/2025\/11\/PWRD_Pim_Founder_CEO-scaled.webp\" alt=\"\">\n          <\/div>\n        <\/article>\n\n        <article class=\"team-slide\" data-reveal-start=\"1.04\" data-reveal-end=\"0.70\" data-hidden-top=\"100\">\n          <div class=\"team-slide__media\">\n            <img decoding=\"async\" src=\"https:\/\/pwrd.agency\/wp-content\/uploads\/2025\/07\/kantoor-pwrd-eindhoven-moderne-werkruimte.webp\" alt=\"\">\n          <\/div>\n        <\/article>\n\n        <article class=\"team-slide\" data-reveal-start=\"1.00\" data-reveal-end=\"0.67\" data-hidden-top=\"100\">\n          <div class=\"team-slide__media\">\n            <img decoding=\"async\" src=\"https:\/\/pwrd.agency\/wp-content\/uploads\/2025\/11\/Foto-Anne-Digital-PWRD-scaled.jpg\" alt=\"\">\n          <\/div>\n        <\/article>\n\n        <article class=\"team-slide\" data-reveal-start=\"1.06\" data-reveal-end=\"0.69\" data-hidden-top=\"100\">\n          <div class=\"team-slide__media\">\n            <img decoding=\"async\" src=\"https:\/\/pwrd.agency\/wp-content\/uploads\/2025\/07\/joost-pwrd-developer.webp\" alt=\"\">\n          <\/div>\n        <\/article>\n\n        <article class=\"team-slide\" data-reveal-start=\"1.01\" data-reveal-end=\"0.65\" data-hidden-top=\"100\">\n          <div class=\"team-slide__media\">\n            <img decoding=\"async\" src=\"https:\/\/pwrd.agency\/wp-content\/uploads\/2026\/02\/aanvraag-ontvangen-scaled.webp\" alt=\"\">\n          <\/div>\n        <\/article>\n        \n        <article class=\"team-slide\" data-reveal-start=\"1.04\" data-reveal-end=\"0.70\" data-hidden-top=\"100\">\n          <div class=\"team-slide__media\">\n            <img decoding=\"async\" src=\"https:\/\/pwrd.agency\/wp-content\/uploads\/2025\/12\/Julie-PWRD-Agency-1-scaled.webp\" alt=\"\">\n          <\/div>\n        <\/article>\n        \n        <article class=\"team-slide\" data-reveal-start=\"0.98\" data-reveal-end=\"0.66\" data-hidden-top=\"100\">\n          <div class=\"team-slide__media\">\n            <img decoding=\"async\" src=\"https:\/\/pwrd.agency\/wp-content\/uploads\/2025\/12\/Patrick_PWRD_Agency-scaled.webp\" alt=\"\">\n          <\/div>\n        <\/article>\n      <\/div>\n    <\/div>\n  <\/div>\n<\/section>\t\t\t\t<\/div>\n\t\t\t\t<\/div>\n\t\t\t\t<\/div>\n\t\t<div class=\"elementor-element elementor-element-fab0981 e-flex e-con-boxed e-con e-child\" data-id=\"fab0981\" data-element_type=\"container\" data-e-type=\"container\" data-settings=\"{&quot;background_background&quot;:&quot;classic&quot;}\" data-bg=\"light\">\n\t\t\t\t\t<div class=\"e-con-inner\">\n\t\t\t\t<div class=\"elementor-element elementor-element-950ae58 elementor-invisible elementor-widget elementor-widget-heading\" data-id=\"950ae58\" data-element_type=\"widget\" data-e-type=\"widget\" data-settings=\"{&quot;_animation&quot;:&quot;fadeInUp&quot;}\" data-widget_type=\"heading.default\">\n\t\t\t\t<div class=\"elementor-widget-container\">\n\t\t\t\t\t<h2 class=\"elementor-heading-title elementor-size-default\">[ KERNWAARDEN ]<\/h2>\t\t\t\t<\/div>\n\t\t\t\t<\/div>\n\t\t\t\t\t<\/div>\n\t\t\t\t<\/div>\n\t\t<div class=\"elementor-element elementor-element-013afcc e-flex e-con-boxed e-con e-child\" data-id=\"013afcc\" data-element_type=\"container\" data-e-type=\"container\" data-settings=\"{&quot;background_background&quot;:&quot;classic&quot;}\" data-bg=\"light\">\n\t\t\t\t\t<div class=\"e-con-inner\">\n\t\t<div class=\"elementor-element elementor-element-3f7e345 e-con-full branding dienst e-flex elementor-invisible e-con e-child\" data-id=\"3f7e345\" data-element_type=\"container\" data-e-type=\"container\" data-settings=\"{&quot;animation&quot;:&quot;fadeInUp&quot;}\">\n\t\t<div class=\"elementor-element elementor-element-9199165 e-con-full e-flex e-con e-child\" data-id=\"9199165\" data-element_type=\"container\" data-e-type=\"container\">\n\t\t\t\t<div class=\"elementor-element elementor-element-f272724 elementor-widget elementor-widget-heading\" data-id=\"f272724\" data-element_type=\"widget\" data-e-type=\"widget\" data-widget_type=\"heading.default\">\n\t\t\t\t<div class=\"elementor-widget-container\">\n\t\t\t\t\t<h3 class=\"elementor-heading-title elementor-size-default\">\u2018We make it happen\u2019<\/h3>\t\t\t\t<\/div>\n\t\t\t\t<\/div>\n\t\t\t\t<\/div>\n\t\t<div class=\"elementor-element elementor-element-0dee085 e-con-full dienst-text e-flex e-con e-child\" data-id=\"0dee085\" data-element_type=\"container\" data-e-type=\"container\">\n\t\t\t\t<div class=\"elementor-element elementor-element-94d9ecf elementor-widget__width-auto oplossing elementor-invisible elementor-widget elementor-widget-heading\" data-id=\"94d9ecf\" data-element_type=\"widget\" data-e-type=\"widget\" data-settings=\"{&quot;_animation&quot;:&quot;fadeInUp&quot;}\" data-widget_type=\"heading.default\">\n\t\t\t\t<div class=\"elementor-widget-container\">\n\t\t\t\t\t<h4 class=\"elementor-heading-title elementor-size-default\">Sinds 2018 vormt \u00e9\u00e9n gedachte de basis van alles wat we doen: We Make It Happen. We denken in mogelijkheden en zien elke vraag als een kans om iets beters te bouwen. We zijn eerlijk, kritisch en denken actief mee ook als dat betekent dat we je uitdagen. Altijd met \u00e9\u00e9n doel: idee\u00ebn realiseren die \u00e9cht werken.<\/h4>\t\t\t\t<\/div>\n\t\t\t\t<\/div>\n\t\t\t\t<\/div>\n\t\t\t\t<\/div>\n\t\t<div class=\"elementor-element elementor-element-e71362c e-con-full branding dienst e-flex elementor-invisible e-con e-child\" data-id=\"e71362c\" data-element_type=\"container\" data-e-type=\"container\" data-settings=\"{&quot;animation&quot;:&quot;fadeInUp&quot;}\">\n\t\t<div class=\"elementor-element elementor-element-d5880d0 e-con-full e-flex e-con e-child\" data-id=\"d5880d0\" data-element_type=\"container\" data-e-type=\"container\">\n\t\t\t\t<div class=\"elementor-element elementor-element-491da13 elementor-widget elementor-widget-heading\" data-id=\"491da13\" data-element_type=\"widget\" data-e-type=\"widget\" data-widget_type=\"heading.default\">\n\t\t\t\t<div class=\"elementor-widget-container\">\n\t\t\t\t\t<h3 class=\"elementor-heading-title elementor-size-default\">Persoonlijk<\/h3>\t\t\t\t<\/div>\n\t\t\t\t<\/div>\n\t\t\t\t<\/div>\n\t\t<div class=\"elementor-element elementor-element-372dd17 e-con-full dienst-text e-flex e-con e-child\" data-id=\"372dd17\" data-element_type=\"container\" data-e-type=\"container\">\n\t\t\t\t<div class=\"elementor-element elementor-element-03b7741 elementor-widget__width-auto oplossing elementor-invisible elementor-widget elementor-widget-heading\" data-id=\"03b7741\" data-element_type=\"widget\" data-e-type=\"widget\" data-settings=\"{&quot;_animation&quot;:&quot;fadeInUp&quot;}\" data-widget_type=\"heading.default\">\n\t\t\t\t<div class=\"elementor-widget-container\">\n\t\t\t\t\t<h4 class=\"elementor-heading-title elementor-size-default\">Je weet precies met wie je schakelt en kunt altijd snel contact opnemen. De communicatie is helder, persoonlijk en effici\u00ebnt, zodat we flexibel kunnen inspelen op veranderingen en nieuwe kansen. Zo blijft samenwerken soepel en professioneel.<\/h4>\t\t\t\t<\/div>\n\t\t\t\t<\/div>\n\t\t\t\t<\/div>\n\t\t\t\t<\/div>\n\t\t<div class=\"elementor-element elementor-element-81ecd88 e-con-full branding dienst e-flex elementor-invisible e-con e-child\" data-id=\"81ecd88\" data-element_type=\"container\" data-e-type=\"container\" data-settings=\"{&quot;animation&quot;:&quot;fadeInUp&quot;}\">\n\t\t<div class=\"elementor-element elementor-element-4d8e6e5 e-con-full e-flex e-con e-child\" data-id=\"4d8e6e5\" data-element_type=\"container\" data-e-type=\"container\">\n\t\t\t\t<div class=\"elementor-element elementor-element-964181b elementor-widget elementor-widget-heading\" data-id=\"964181b\" data-element_type=\"widget\" data-e-type=\"widget\" data-widget_type=\"heading.default\">\n\t\t\t\t<div class=\"elementor-widget-container\">\n\t\t\t\t\t<h3 class=\"elementor-heading-title elementor-size-default\">Strategisch creatief<\/h3>\t\t\t\t<\/div>\n\t\t\t\t<\/div>\n\t\t\t\t<\/div>\n\t\t<div class=\"elementor-element elementor-element-bf4e093 e-con-full dienst-text e-flex e-con e-child\" data-id=\"bf4e093\" data-element_type=\"container\" data-e-type=\"container\">\n\t\t\t\t<div class=\"elementor-element elementor-element-c69cc8c elementor-widget__width-auto oplossing elementor-invisible elementor-widget elementor-widget-heading\" data-id=\"c69cc8c\" data-element_type=\"widget\" data-e-type=\"widget\" data-settings=\"{&quot;_animation&quot;:&quot;fadeInUp&quot;}\" data-widget_type=\"heading.default\">\n\t\t\t\t<div class=\"elementor-widget-container\">\n\t\t\t\t\t<h4 class=\"elementor-heading-title elementor-size-default\">Alles wat we maken is maatwerk. Geen templates of standaardoplossingen, maar idee\u00ebn die aansluiten op jouw bedrijf. We ontwikkelen creatieve projecten die uniek zijn \u00e9n strategisch doordacht. Creativiteit is bij ons niet alleen mooi, maar draagt altijd bij aan het doel en de groei van jouw organisatie.<\/h4>\t\t\t\t<\/div>\n\t\t\t\t<\/div>\n\t\t\t\t<\/div>\n\t\t\t\t<\/div>\n\t\t\t\t\t<\/div>\n\t\t\t\t<\/div>\n\t\t\t\t<\/div>\n\t\t\t\t<\/div>\n\t\t\t\t<\/div>\n\t\t","protected":false},"excerpt":{"rendered":"<p>Webdevelopment, Branding, Marketing &amp; AI-oplossingen in Eindhoven Meer dan websites &#8211; wij zijn de \u2018one-stop-shop\u2019 voor alles digitaal. [ SCROLL TO DISCOVER ] [ KERNWAARDEN ] \u2018We make it happen\u2019 Sinds 2018 vormt \u00e9\u00e9n gedachte de basis van alles wat we doen: We Make It Happen. We denken in mogelijkheden en zien elke vraag als [&hellip;]<\/p>\n","protected":false},"author":1,"featured_media":3077,"parent":0,"menu_order":0,"comment_status":"closed","ping_status":"closed","template":"elementor_header_footer","meta":{"content-type":"","footnotes":""},"class_list":["post-298","page","type-page","status-publish","has-post-thumbnail","hentry"],"yoast_head":"<!-- This site is optimized with the Yoast SEO plugin v27.4 - https:\/\/yoast.com\/product\/yoast-seo-wordpress\/ -->\n<title>Over PWRD. \u2013 Digitale agency in Eindhoven<\/title>\n<meta name=\"description\" content=\"Over PWRD: sinds 2019 bouwen we sterke merken met design, software, marketing en AI. Ontdek wie we zijn en hoe wij jouw merk laten groeien.\" \/>\n<meta name=\"robots\" content=\"index, follow, max-snippet:-1, max-image-preview:large, max-video-preview:-1\" \/>\n<link rel=\"canonical\" href=\"https:\/\/pwrd.agency\/en\/over\/\" \/>\n<meta property=\"og:locale\" content=\"en_US\" \/>\n<meta property=\"og:type\" content=\"article\" \/>\n<meta property=\"og:title\" content=\"Over PWRD. \u2013 Digitale agency in Eindhoven\" \/>\n<meta property=\"og:description\" content=\"Over PWRD: sinds 2019 bouwen we sterke merken met design, software, marketing en AI. Ontdek wie we zijn en hoe wij jouw merk laten groeien.\" \/>\n<meta property=\"og:url\" content=\"https:\/\/pwrd.agency\/en\/over\/\" \/>\n<meta property=\"og:site_name\" content=\"PWRD\" \/>\n<meta property=\"article:modified_time\" content=\"2026-04-01T14:53:51+00:00\" \/>\n<meta property=\"og:image\" content=\"https:\/\/pwrd.agency\/wp-content\/uploads\/2025\/05\/DSC09748-scaled-e1746800255608.webp\" \/>\n\t<meta property=\"og:image:width\" content=\"2078\" \/>\n\t<meta property=\"og:image:height\" content=\"1707\" \/>\n\t<meta property=\"og:image:type\" content=\"image\/webp\" \/>\n<meta name=\"twitter:card\" content=\"summary_large_image\" \/>\n<meta name=\"twitter:label1\" content=\"Est. reading time\" \/>\n\t<meta name=\"twitter:data1\" content=\"3 minutes\" \/>\n<script type=\"application\/ld+json\" class=\"yoast-schema-graph\">{\"@context\":\"https:\\\/\\\/schema.org\",\"@graph\":[{\"@type\":\"WebPage\",\"@id\":\"https:\\\/\\\/pwrd.agency\\\/over\\\/\",\"url\":\"https:\\\/\\\/pwrd.agency\\\/over\\\/\",\"name\":\"Over PWRD. \u2013 Digitale agency in Eindhoven\",\"isPartOf\":{\"@id\":\"https:\\\/\\\/pwrd.agency\\\/#website\"},\"primaryImageOfPage\":{\"@id\":\"https:\\\/\\\/pwrd.agency\\\/over\\\/#primaryimage\"},\"image\":{\"@id\":\"https:\\\/\\\/pwrd.agency\\\/over\\\/#primaryimage\"},\"thumbnailUrl\":\"https:\\\/\\\/pwrd.agency\\\/wp-content\\\/uploads\\\/2025\\\/05\\\/DSC09748-scaled-e1746800255608.webp\",\"datePublished\":\"2025-03-12T13:17:34+00:00\",\"dateModified\":\"2026-04-01T14:53:51+00:00\",\"description\":\"Over PWRD: sinds 2019 bouwen we sterke merken met design, software, marketing en AI. Ontdek wie we zijn en hoe wij jouw merk laten groeien.\",\"breadcrumb\":{\"@id\":\"https:\\\/\\\/pwrd.agency\\\/over\\\/#breadcrumb\"},\"inLanguage\":\"en-US\",\"potentialAction\":[{\"@type\":\"ReadAction\",\"target\":[\"https:\\\/\\\/pwrd.agency\\\/over\\\/\"]}]},{\"@type\":\"ImageObject\",\"inLanguage\":\"en-US\",\"@id\":\"https:\\\/\\\/pwrd.agency\\\/over\\\/#primaryimage\",\"url\":\"https:\\\/\\\/pwrd.agency\\\/wp-content\\\/uploads\\\/2025\\\/05\\\/DSC09748-scaled-e1746800255608.webp\",\"contentUrl\":\"https:\\\/\\\/pwrd.agency\\\/wp-content\\\/uploads\\\/2025\\\/05\\\/DSC09748-scaled-e1746800255608.webp\",\"width\":2078,\"height\":1707},{\"@type\":\"BreadcrumbList\",\"@id\":\"https:\\\/\\\/pwrd.agency\\\/over\\\/#breadcrumb\",\"itemListElement\":[{\"@type\":\"ListItem\",\"position\":1,\"name\":\"Home\",\"item\":\"https:\\\/\\\/pwrd.agency\\\/\"},{\"@type\":\"ListItem\",\"position\":2,\"name\":\"Over\"}]},{\"@type\":\"WebSite\",\"@id\":\"https:\\\/\\\/pwrd.agency\\\/#website\",\"url\":\"https:\\\/\\\/pwrd.agency\\\/\",\"name\":\"PWRD\",\"description\":\"Voor elke uitdaging hebben wij de perfecte oplossing.\",\"potentialAction\":[{\"@type\":\"SearchAction\",\"target\":{\"@type\":\"EntryPoint\",\"urlTemplate\":\"https:\\\/\\\/pwrd.agency\\\/?s={search_term_string}\"},\"query-input\":{\"@type\":\"PropertyValueSpecification\",\"valueRequired\":true,\"valueName\":\"search_term_string\"}}],\"inLanguage\":\"en-US\"}]}<\/script>\n<!-- \/ Yoast SEO plugin. -->","yoast_head_json":{"title":"Over PWRD. \u2013 Digitale agency in Eindhoven","description":"Over PWRD: sinds 2019 bouwen we sterke merken met design, software, marketing en AI. Ontdek wie we zijn en hoe wij jouw merk laten groeien.","robots":{"index":"index","follow":"follow","max-snippet":"max-snippet:-1","max-image-preview":"max-image-preview:large","max-video-preview":"max-video-preview:-1"},"canonical":"https:\/\/pwrd.agency\/en\/over\/","og_locale":"en_US","og_type":"article","og_title":"Over PWRD. \u2013 Digitale agency in Eindhoven","og_description":"Over PWRD: sinds 2019 bouwen we sterke merken met design, software, marketing en AI. Ontdek wie we zijn en hoe wij jouw merk laten groeien.","og_url":"https:\/\/pwrd.agency\/en\/over\/","og_site_name":"PWRD","article_modified_time":"2026-04-01T14:53:51+00:00","og_image":[{"width":2078,"height":1707,"url":"https:\/\/pwrd.agency\/wp-content\/uploads\/2025\/05\/DSC09748-scaled-e1746800255608.webp","type":"image\/webp"}],"twitter_card":"summary_large_image","twitter_misc":{"Est. reading time":"3 minutes"},"schema":{"@context":"https:\/\/schema.org","@graph":[{"@type":"WebPage","@id":"https:\/\/pwrd.agency\/over\/","url":"https:\/\/pwrd.agency\/over\/","name":"Over PWRD. \u2013 Digitale agency in Eindhoven","isPartOf":{"@id":"https:\/\/pwrd.agency\/#website"},"primaryImageOfPage":{"@id":"https:\/\/pwrd.agency\/over\/#primaryimage"},"image":{"@id":"https:\/\/pwrd.agency\/over\/#primaryimage"},"thumbnailUrl":"https:\/\/pwrd.agency\/wp-content\/uploads\/2025\/05\/DSC09748-scaled-e1746800255608.webp","datePublished":"2025-03-12T13:17:34+00:00","dateModified":"2026-04-01T14:53:51+00:00","description":"Over PWRD: sinds 2019 bouwen we sterke merken met design, software, marketing en AI. Ontdek wie we zijn en hoe wij jouw merk laten groeien.","breadcrumb":{"@id":"https:\/\/pwrd.agency\/over\/#breadcrumb"},"inLanguage":"en-US","potentialAction":[{"@type":"ReadAction","target":["https:\/\/pwrd.agency\/over\/"]}]},{"@type":"ImageObject","inLanguage":"en-US","@id":"https:\/\/pwrd.agency\/over\/#primaryimage","url":"https:\/\/pwrd.agency\/wp-content\/uploads\/2025\/05\/DSC09748-scaled-e1746800255608.webp","contentUrl":"https:\/\/pwrd.agency\/wp-content\/uploads\/2025\/05\/DSC09748-scaled-e1746800255608.webp","width":2078,"height":1707},{"@type":"BreadcrumbList","@id":"https:\/\/pwrd.agency\/over\/#breadcrumb","itemListElement":[{"@type":"ListItem","position":1,"name":"Home","item":"https:\/\/pwrd.agency\/"},{"@type":"ListItem","position":2,"name":"Over"}]},{"@type":"WebSite","@id":"https:\/\/pwrd.agency\/#website","url":"https:\/\/pwrd.agency\/","name":"PWRD","description":"We have the perfect solution for every challenge.","potentialAction":[{"@type":"SearchAction","target":{"@type":"EntryPoint","urlTemplate":"https:\/\/pwrd.agency\/?s={search_term_string}"},"query-input":{"@type":"PropertyValueSpecification","valueRequired":true,"valueName":"search_term_string"}}],"inLanguage":"en-US"}]}},"_links":{"self":[{"href":"https:\/\/pwrd.agency\/en\/wp-json\/wp\/v2\/pages\/298","targetHints":{"allow":["GET"]}}],"collection":[{"href":"https:\/\/pwrd.agency\/en\/wp-json\/wp\/v2\/pages"}],"about":[{"href":"https:\/\/pwrd.agency\/en\/wp-json\/wp\/v2\/types\/page"}],"author":[{"embeddable":true,"href":"https:\/\/pwrd.agency\/en\/wp-json\/wp\/v2\/users\/1"}],"replies":[{"embeddable":true,"href":"https:\/\/pwrd.agency\/en\/wp-json\/wp\/v2\/comments?post=298"}],"version-history":[{"count":189,"href":"https:\/\/pwrd.agency\/en\/wp-json\/wp\/v2\/pages\/298\/revisions"}],"predecessor-version":[{"id":10724,"href":"https:\/\/pwrd.agency\/en\/wp-json\/wp\/v2\/pages\/298\/revisions\/10724"}],"wp:featuredmedia":[{"embeddable":true,"href":"https:\/\/pwrd.agency\/en\/wp-json\/wp\/v2\/media\/3077"}],"wp:attachment":[{"href":"https:\/\/pwrd.agency\/en\/wp-json\/wp\/v2\/media?parent=298"}],"curies":[{"name":"wp","href":"https:\/\/api.w.org\/{rel}","templated":true}]}}